{"id":33,"date":"2025-01-14T12:03:31","date_gmt":"2025-01-14T12:03:31","guid":{"rendered":"https:\/\/dummy.xtemos.com\/woodmart2\/marketplace2-elementor\/?page_id=33"},"modified":"2025-09-18T20:44:39","modified_gmt":"2025-09-18T20:44:39","slug":"siparis-takip","status":"publish","type":"page","link":"https:\/\/govizyon.com\/en\/siparis-takip\/","title":{"rendered":"Sipari\u015f Takip"},"content":{"rendered":"\t\t<div data-elementor-type=\"wp-page\" data-elementor-id=\"33\" class=\"elementor elementor-33\" data-elementor-post-type=\"page\">\n\t\t\t\t<div class=\"wd-negative-gap elementor-element elementor-element-d96f529 e-flex e-con-boxed e-con e-parent\" data-id=\"d96f529\" data-element_type=\"container\" data-e-type=\"container\">\n\t\t\t\t\t<div class=\"e-con-inner\">\n\t\t<div class=\"wd-sticky-container-lg elementor-element elementor-element-56812fb e-con-full wd-col-offcanvas-md-sm wd-col-offcanvas-sm e-flex wd-alignment-left e-con e-child\" data-id=\"56812fb\" data-element_type=\"container\" data-e-type=\"container\">\n\t\t\t\t<div class=\"elementor-element elementor-element-64e3cf4 elementor-widget elementor-widget-wd_mega_menu\" data-id=\"64e3cf4\" data-element_type=\"widget\" data-e-type=\"widget\" data-widget_type=\"wd_mega_menu.default\">\n\t\t\t\t<div class=\"elementor-widget-container\">\n\t\t\t\t\t\t\t<div class=\"wd-menu widget_nav_mega_menu\">\n\t\t\t\t\t\t<ul id=\"menu-sidebar-menu-marketplace-2\" class=\"menu wd-nav wd-nav-vertical wd-design-simple wd-gap-l\"><li id=\"menu-item-3213\" class=\"menu-item menu-item-type-post_type menu-item-object-page menu-item-3213 item-level-0 menu-simple-dropdown wd-event-hover\" ><a href=\"https:\/\/govizyon.com\/en\/siparis-takip\/\" class=\"woodmart-nav-link\"><span class=\"nav-link-text\">Sipari\u015f Takip<\/span><\/a><\/li>\n<li id=\"menu-item-3212\" class=\"menu-item menu-item-type-post_type menu-item-object-page menu-item-3212 item-level-0 menu-simple-dropdown wd-event-hover\" ><a href=\"https:\/\/govizyon.com\/en\/hakkimizda\/\" class=\"woodmart-nav-link\"><span class=\"nav-link-text\">Hakk\u0131m\u0131zda<\/span><\/a><\/li>\n<li id=\"menu-item-3215\" class=\"menu-item menu-item-type-post_type menu-item-object-page menu-item-3215 item-level-0 menu-simple-dropdown wd-event-hover\" ><a href=\"https:\/\/govizyon.com\/en\/sikca-sorulan-sorular\/\" class=\"woodmart-nav-link\"><span class=\"nav-link-text\">S\u0131k\u00e7a Sorulan Sorular<\/span><\/a><\/li>\n<li id=\"menu-item-3216\" class=\"menu-item menu-item-type-post_type menu-item-object-page menu-item-3216 item-level-0 menu-simple-dropdown wd-event-hover\" ><a href=\"https:\/\/govizyon.com\/en\/partner-ortaklar\/\" class=\"woodmart-nav-link\"><span class=\"nav-link-text\">Partner Ortaklar<\/span><\/a><\/li>\n<li id=\"menu-item-3217\" class=\"menu-item menu-item-type-post_type menu-item-object-page menu-item-3217 item-level-0 menu-simple-dropdown wd-event-hover\" ><a href=\"https:\/\/govizyon.com\/en\/govizyon-da-satis-yap\/\" class=\"woodmart-nav-link\"><span class=\"nav-link-text\">Govizyon&#8217;da Sat\u0131\u015f Yap<\/span><\/a><\/li>\n<li id=\"menu-item-3214\" class=\"menu-item menu-item-type-post_type menu-item-object-page menu-item-3214 item-level-0 menu-simple-dropdown wd-event-hover\" ><a href=\"https:\/\/govizyon.com\/en\/iletisim\/\" class=\"woodmart-nav-link\"><span class=\"nav-link-text\">\u0130leti\u015fim<\/span><\/a><\/li>\n<\/ul>\t\t<\/div>\n\t\t\t\t\t\t<\/div>\n\t\t\t\t<\/div>\n\t\t\t\t<\/div>\n\t\t<div class=\"elementor-element elementor-element-227db15 e-con-full wd-col-content-md-sm wd-col-content-sm e-flex e-con e-child\" data-id=\"227db15\" data-element_type=\"container\" data-e-type=\"container\">\n\t\t\t\t<div class=\"elementor-element elementor-element-3ff5bd1 elementor-hidden-desktop elementor-widget elementor-widget-wd_builder_off_canvas_column_btn\" data-id=\"3ff5bd1\" data-element_type=\"widget\" data-e-type=\"widget\" data-settings=\"{&quot;sticky&quot;:&quot;yes&quot;,&quot;sticky_on&quot;:[&quot;desktop&quot;,&quot;tablet&quot;,&quot;mobile&quot;],&quot;sticky_offset&quot;:0,&quot;sticky_effects_offset&quot;:0,&quot;sticky_anchor_link_offset&quot;:0}\" data-widget_type=\"wd_builder_off_canvas_column_btn.default\">\n\t\t\t\t<div class=\"elementor-widget-container\">\n\t\t\t\t\t\n\t\t<div class=\"wd-off-canvas-btn wd-action-btn wd-style-text wd-burger-icon\">\n\t\t\t<a href=\"#\" rel=\"nofollow\">\n\t\t\t\t\t\t\t\tShow sidebar\t\t\t<\/a>\n\t\t<\/div>\n\n\t\t\t\t\t<div class=\"wd-sidebar-opener wd-show-on-scroll wd-action-btn wd-style-icon wd-burger-icon\">\n\t\t\t\t<a href=\"#\" rel=\"nofollow\">\n\t\t\t\t\t\t\t\t\t<\/a>\n\t\t\t<\/div>\n\t\t\t\t\t\t\t\t<\/div>\n\t\t\t\t<\/div>\n\t\t<div class=\"elementor-element elementor-element-bfdea65 e-con-full color-scheme-light e-flex e-con e-child\" data-id=\"bfdea65\" data-element_type=\"container\" data-e-type=\"container\" data-settings=\"{&quot;background_background&quot;:&quot;classic&quot;}\">\n\t\t<div class=\"elementor-element elementor-element-92463a3 e-con-full e-flex e-con e-child\" data-id=\"92463a3\" data-element_type=\"container\" data-e-type=\"container\">\n\t\t\t\t<div class=\"elementor-element elementor-element-8a2aaa0 wd-width-100 elementor-widget elementor-widget-wd_title\" data-id=\"8a2aaa0\" data-element_type=\"widget\" data-e-type=\"widget\" data-widget_type=\"wd_title.default\">\n\t\t\t\t<div class=\"elementor-widget-container\">\n\t\t\t\t\t\t\t<div class=\"title-wrapper wd-set-mb reset-last-child wd-title-color-default wd-title-style-default wd-title-size-default text-center\">\n\n\t\t\t\n\t\t\t<div class=\"liner-continer\">\n\t\t\t\t<h4 class=\"woodmart-title-container title wd-fontsize-l\">Sipari\u015f takibi<\/h4> \n\t\t\t\t\t\t\t<\/div>\n\n\t\t\t\t\t<\/div>\n\t\t\t\t\t\t<\/div>\n\t\t\t\t<\/div>\n\t\t\t\t<div class=\"elementor-element elementor-element-a7e4796 elementor-widget elementor-widget-shortcode\" data-id=\"a7e4796\" data-element_type=\"widget\" data-e-type=\"widget\" data-widget_type=\"shortcode.default\">\n\t\t\t\t<div class=\"elementor-widget-container\">\n\t\t\t\t\t\t\t<div class=\"elementor-shortcode\"><div class=\"woocommerce\"><\/div><\/div>\n\t\t\t\t\t\t<\/div>\n\t\t\t\t<\/div>\n\t\t\t\t<\/div>\n\t\t\t\t<\/div>\n\t\t\t\t<div class=\"elementor-element elementor-element-ff772da elementor-widget__width-initial wd-width-100 elementor-widget elementor-widget-wd_title\" data-id=\"ff772da\" data-element_type=\"widget\" data-e-type=\"widget\" data-widget_type=\"wd_title.default\">\n\t\t\t\t<div class=\"elementor-widget-container\">\n\t\t\t\t\t\t\t<div class=\"title-wrapper wd-set-mb reset-last-child wd-title-color-default wd-title-style-default wd-title-size-default text-left\">\n\n\t\t\t\n\t\t\t<div class=\"liner-continer\">\n\t\t\t\t<h4 class=\"woodmart-title-container title wd-fontsize-l\">Hen\u00fcz Hesab\u0131n\u0131z yok mu?<\/h4> \n\t\t\t\t\t\t\t<\/div>\n\n\t\t\t\t\t\t\t<div class=\"title-after_title reset-last-child wd-fontsize-xs\">\n\t\t\t\t\t<p>H\u00e2l\u00e2 oturum a\u00e7madan sipari\u015f durumunuzu g\u00f6rebilirsiniz. Sipari\u015f numaran\u0131z yoksa, l\u00fctfen onay e-postan\u0131za bak\u0131n. Ek yard\u0131m i\u00e7in, bizimle ileti\u015fime ge\u00e7in. <a href=\"https:\/\/govizyon.com\/iletisim\/\">(ileti\u015fim)<\/a><\/p>\t\t\t\t<\/div>\n\t\t\t\t\t<\/div>\n\t\t\t\t\t\t<\/div>\n\t\t\t\t<\/div>\n\t\t\t\t<\/div>\n\t\t\t\t\t<\/div>\n\t\t\t\t<\/div>\n\t\t<div class=\"wd-negative-gap elementor-element elementor-element-eed9c92 e-flex e-con-boxed e-con e-parent\" data-id=\"eed9c92\" data-element_type=\"container\" data-e-type=\"container\">\n\t\t\t\t\t<div class=\"e-con-inner\">\n\t\t\t\t<div class=\"elementor-element elementor-element-5a35266 elementor-widget elementor-widget-html\" data-id=\"5a35266\" data-element_type=\"widget\" data-e-type=\"widget\" data-widget_type=\"html.default\">\n\t\t\t\t<div class=\"elementor-widget-container\">\n\t\t\t\t\t<!DOCTYPE html>\n<html lang=\"tr\">\n<head>\n    <meta charset=\"UTF-8\">\n    <meta name=\"viewport\" content=\"width=device-width, initial-scale=1.0\">\n    <title>Promo Banner<\/title>\n    <link rel=\"stylesheet\" href=\"https:\/\/cdnjs.cloudflare.com\/ajax\/libs\/font-awesome\/6.0.0\/css\/all.min.css\">\n    <style>\n        * {\n            margin: 0;\n            padding: 0;\n            box-sizing: border-box;\n        }\n\n        body {\n            font-family: 'Arial', sans-serif;\n            background-color: #f5f5f5;\n        }\n\n        .promo-banner {\n            background: #232F3E;\n            padding: 12px 0;\n            border-radius: 12px;\n            margin: 20px;\n        }\n\n        .promo-container {\n            max-width: 1200px;\n            margin: 0 auto;\n            display: flex;\n            justify-content: space-between;\n            align-items: center;\n            padding: 0 20px;\n        }\n\n        .promo-item {\n            display: flex;\n            align-items: center;\n            color: white;\n            flex: 1;\n            padding: 0 15px;\n            position: relative;\n        }\n\n        .promo-item:not(:last-child)::after {\n            content: '';\n            position: absolute;\n            right: 0;\n            top: 50%;\n            transform: translateY(-50%);\n            width: 1px;\n            height: 30px;\n            background: rgba(255, 255, 255, 0.1);\n        }\n\n        .promo-icon {\n            margin-right: 12px;\n            font-size: 22px;\n            color: #FF9900;\n            display: flex;\n            align-items: center;\n            justify-content: center;\n            min-width: 24px;\n            height: 24px;\n        }\n\n        .promo-content h4 {\n            font-size: 14px;\n            font-weight: 600;\n            margin-bottom: 2px;\n            color: #ffffff;\n            line-height: 1.2;\n        }\n\n        .promo-content p {\n            font-size: 12px;\n            color: #cccccc;\n            font-weight: 400;\n            line-height: 1.3;\n        }\n\n        \/* Responsive Design *\/\n        @media (max-width: 1024px) {\n            .promo-container {\n                padding: 0 15px;\n            }\n            \n            .promo-item {\n                padding: 0 10px;\n            }\n            \n            .promo-icon {\n                font-size: 20px;\n                margin-right: 10px;\n            }\n            \n            .promo-content h4 {\n                font-size: 13px;\n            }\n            \n            .promo-content p {\n                font-size: 11px;\n            }\n        }\n\n        @media (max-width: 768px) {\n            .promo-banner {\n                margin: 10px;\n                border-radius: 8px;\n            }\n            \n            .promo-container {\n                flex-wrap: wrap;\n                justify-content: center;\n                gap: 15px;\n            }\n            \n            .promo-item {\n                flex: 0 1 calc(50% - 10px);\n                padding: 8px;\n                justify-content: center;\n            }\n            \n            .promo-item::after {\n                display: none;\n            }\n        }\n\n        @media (max-width: 480px) {\n            .promo-container {\n                flex-direction: column;\n                gap: 12px;\n            }\n            \n            .promo-item {\n                flex: 1;\n                width: 100%;\n                justify-content: flex-start;\n                padding: 8px 0;\n            }\n            \n            .promo-content h4 {\n                font-size: 12px;\n            }\n            \n            .promo-content p {\n                font-size: 10px;\n            }\n        }\n    <\/style>\n<\/head>\n<body>\n    <div class=\"promo-banner\">\n        <div class=\"promo-container\">\n            <!-- \u00dccretsiz Kargo -->\n            <div class=\"promo-item\">\n                <div class=\"promo-icon\">\n                    <i class=\"fas fa-shipping-fast\"><\/i>\n                <\/div>\n                <div class=\"promo-content\">\n                    <h4>H\u0131zl\u0131, \u00dccretsiz Kargo<\/h4>\n                    <p>Se\u00e7ili \u00fcr\u00fcnlerde<\/p>\n                <\/div>\n            <\/div>\n\n            <!-- Ertesi G\u00fcn Teslimat -->\n            <div class=\"promo-item\">\n                <div class=\"promo-icon\">\n                    <i class=\"fas fa-cube\"><\/i>\n                <\/div>\n                <div class=\"promo-content\">\n                    <h4>Ertesi G\u00fcn Teslimat<\/h4>\n                    <p>H\u0131zl\u0131 teslimat se\u00e7ene\u011fi<\/p>\n                <\/div>\n            <\/div>\n\n            <!-- G\u00fcvenli Al\u0131\u015fveri\u015f -->\n            <div class=\"promo-item\">\n                <div class=\"promo-icon\">\n                    <i class=\"fas fa-shield-alt\"><\/i>\n                <\/div>\n                <div class=\"promo-content\">\n                    <h4>G\u00fcvenli Al\u0131\u015fveri\u015f<\/h4>\n                    <p>SSL \u015fifreleme korumas\u0131<\/p>\n                <\/div>\n            <\/div>\n\n            <!-- Uzman M\u00fc\u015fteri Hizmetleri -->\n            <div class=\"promo-item\">\n                <div class=\"promo-icon\">\n                    <i class=\"fas fa-headset\"><\/i>\n                <\/div>\n                <div class=\"promo-content\">\n                    <h4>Uzman M\u00fc\u015fteri Hizmetleri<\/h4>\n                    <p>Sohbet edin veya aray\u0131n<\/p>\n                <\/div>\n            <\/div>\n\n            <!-- \u00d6zel Markalar -->\n            <div class=\"promo-item\">\n                <div class=\"promo-icon\">\n                    <i class=\"fas fa-heart\"><\/i>\n                <\/div>\n                <div class=\"promo-content\">\n                    <h4>\u00d6zel Markalar<\/h4>\n                    <p>Daha fazla \u00f6zel \u00fcr\u00fcn<\/p>\n                <\/div>\n            <\/div>\n        <\/div>\n    <\/div>\n<\/body>\n<\/html>\n\t\t\t\t<\/div>\n\t\t\t\t<\/div>\n\t\t\t\t\t<\/div>\n\t\t\t\t<\/div>\n\t\t\t\t<\/div>\n\t\t","protected":false},"excerpt":{"rendered":"<p>Sipari\u015f Takip Hakk\u0131m\u0131zda S\u0131k\u00e7a Sorulan Sorular Partner Ortaklar Govizyon&#8217;da Sat\u0131\u015f Yap \u0130leti\u015fim Show sidebar Sipari\u015f takibi Hen\u00fcz Hesab\u0131n\u0131z yok mu?<\/p>\n","protected":false},"author":1,"featured_media":0,"parent":0,"menu_order":0,"comment_status":"closed","ping_status":"closed","template":"","meta":{"footnotes":""},"class_list":["post-33","page","type-page","status-publish","hentry"],"_links":{"self":[{"href":"https:\/\/govizyon.com\/en\/wp-json\/wp\/v2\/pages\/33","targetHints":{"allow":["GET"]}}],"collection":[{"href":"https:\/\/govizyon.com\/en\/wp-json\/wp\/v2\/pages"}],"about":[{"href":"https:\/\/govizyon.com\/en\/wp-json\/wp\/v2\/types\/page"}],"author":[{"embeddable":true,"href":"https:\/\/govizyon.com\/en\/wp-json\/wp\/v2\/users\/1"}],"replies":[{"embeddable":true,"href":"https:\/\/govizyon.com\/en\/wp-json\/wp\/v2\/comments?post=33"}],"version-history":[{"count":0,"href":"https:\/\/govizyon.com\/en\/wp-json\/wp\/v2\/pages\/33\/revisions"}],"wp:attachment":[{"href":"https:\/\/govizyon.com\/en\/wp-json\/wp\/v2\/media?parent=33"}],"curies":[{"name":"wp","href":"https:\/\/api.w.org\/{rel}","templated":true}]}}