{"id":3285,"date":"2025-09-17T22:01:47","date_gmt":"2025-09-17T22:01:47","guid":{"rendered":"https:\/\/govizyon.com\/privacy-policy\/"},"modified":"2025-09-17T22:15:32","modified_gmt":"2025-09-17T22:15:32","slug":"privacy-policy","status":"publish","type":"page","link":"https:\/\/govizyon.com\/en\/privacy-policy\/","title":{"rendered":"Gizlilik Politikas\u0131"},"content":{"rendered":"<h2><strong>G\u0130ZL\u0130L\u0130K POL\u0130T\u0130KASI<\/strong><\/h2>\n<hr \/>\n<h2><strong>1. TOPLANAN B\u0130LG\u0130 T\u00dcRLER\u0130<\/strong><\/h2>\n<p>Web Sitesini ziyaret etti\u011finizde, \u0130nternet Protokol\u00fc (&#8216;IP&#8217;) adresiniz, i\u015fletim sisteminiz, taray\u0131c\u0131 t\u00fcr\u00fcn\u00fcz ve \u0130nternet servis sa\u011flay\u0131c\u0131n\u0131z gibi ki\u015fisel olmayan belirli bilgileri toplayabiliriz. Bu t\u00fcr bilgiler sizi ki\u015fisel olarak tan\u0131mlamaz.<\/p>\n<p>Web Sitesine kay\u0131t oldu\u011funuzda veya Web Sitesindeki reklamlara ya da g\u00f6nderilere yan\u0131t verdi\u011finizde veya kay\u0131t olmadan Web Sitesinde i\u00e7erik yay\u0131nlad\u0131\u011f\u0131n\u0131zda, ad\u0131n\u0131z, posta adresiniz, e-posta adresiniz, ileti\u015fim numaran\u0131z, konumunuz ve kullan\u0131lan hizmete ba\u011fl\u0131 olarak finansal bilgileriniz gibi sa\u011flad\u0131\u011f\u0131n\u0131z ki\u015fisel bilgileri de toplayabiliriz.<\/p>\n<p>Govizyon&#8217;a kay\u0131t olmay\u0131 se\u00e7erseniz ileti\u015fim bilgilerinizi, cinsiyetinizi, ya\u015f\u0131n\u0131z\u0131 ve\/veya \u015firket ad\u0131n\u0131z\u0131 toplar ve saklar\u0131z. Telefon numaran\u0131z\u0131 verirseniz, bu numaran\u0131z yay\u0131n\u0131n\u0131zda g\u00f6r\u00fcnt\u00fclenecektir.<\/p>\n<p><strong>\ud83d\udcde \u00d6nemli:<\/strong> Telefon numaran\u0131z\u0131 verdiyseniz ve hesab\u0131n\u0131z\u0131 kullanarak reklam yay\u0131nlad\u0131ysan\u0131z, verilen telefon numaras\u0131ndan otomatik aramalar veya k\u0131sa mesajlar dahil olmak \u00fczere bizden ileti\u015fim almay\u0131 kabul edersiniz.<\/p>\n<hr \/>\n<h2><strong>2. \u00c7EREZLER (COOKIES)<\/strong><\/h2>\n<p>Kullan\u0131c\u0131lar\u0131m\u0131z\u0131n oturumlar\u0131n\u0131 y\u00f6netmek ve tercihleri, izleme bilgilerini ve dil se\u00e7imini saklamak i\u00e7in \u00e7erezler kullanabiliriz. \u00c7erezler bizimle kay\u0131t olup olmad\u0131\u011f\u0131n\u0131za bak\u0131lmaks\u0131z\u0131n kullan\u0131labilir.<\/p>\n<p><strong>\ud83c\udf6a \u00c7erez Bilgileri:<\/strong><\/p>\n<ul>\n<li>Ziyaret tarihi ve saati<\/li>\n<li>Tarama ge\u00e7mi\u015fi<\/li>\n<li>Tercihleriniz<\/li>\n<li>Kullan\u0131c\u0131 ad\u0131n\u0131z<\/li>\n<\/ul>\n<p><strong>\u2699\ufe0f \u00c7erez Ayarlar\u0131:<\/strong><\/p>\n<ul>\n<li>\u00c7erezleri kabul edebilir veya reddedebilirsiniz<\/li>\n<li>Taray\u0131c\u0131n\u0131z\u0131 \u00e7erezleri kabul etmeyecek \u015fekilde yap\u0131land\u0131rabilirsiniz<\/li>\n<li>\u00c7erezleri reddetmek Web Sitesinin belirli \u00f6zelliklerine eri\u015fiminizi s\u0131n\u0131rlayabilir<\/li>\n<\/ul>\n<hr \/>\n<h2><strong>3. \u00dc\u00c7\u00dcNC\u00dc TARAFLAR<\/strong><\/h2>\n<p>Yapabilece\u011finiz sat\u0131n almalar\u0131 i\u015flemek ve kullan\u0131c\u0131lar\u0131m\u0131z\u0131n ilgi alanlar\u0131n\u0131 izlemek i\u00e7in \u00fc\u00e7\u00fcnc\u00fc taraf hizmet sa\u011flay\u0131c\u0131lar\u0131 kullanabiliriz. Web Sitesi zaman zaman \u00dc\u00e7\u00fcnc\u00fc Taraf Sitelerine ba\u011flant\u0131lar i\u00e7erebilir.<\/p>\n<p><strong>\u26a0\ufe0f \u00d6nemli Uyar\u0131:<\/strong> \u00dc\u00e7\u00fcnc\u00fc Taraf Web Sitelerine ba\u011flant\u0131lara t\u0131klarsan\u0131z, Web Sitemizden ayr\u0131l\u0131rs\u0131n\u0131z. Bu \u00dc\u00e7\u00fcnc\u00fc Taraf Web Sitelerinin i\u00e7eri\u011finden veya ki\u015fisel bilgilerinizin g\u00fcvenli\u011finden sorumlu de\u011filiz.<\/p>\n<p><strong>\ud83d\udcca Reklam \u015eirketleri:<\/strong><\/p>\n<ul>\n<li>Google \u00fc\u00e7\u00fcnc\u00fc taraf sat\u0131c\u0131 olarak \u00e7erezler kullan\u0131r<\/li>\n<li>Ziyaretleriniz hakk\u0131nda bilgi toplayabilirler<\/li>\n<li>Size ilginizi \u00e7ekebilecek reklamlar sunmak i\u00e7in bu bilgileri kullanabilirler<\/li>\n<\/ul>\n<hr \/>\n<h2><strong>4. B\u0130LG\u0130LER\u0130N\u0130Z\u0130N NASIL KULLANILDI\u011eI<\/strong><\/h2>\n<p>Sa\u011flad\u0131\u011f\u0131n\u0131z bilgileri \u015fu ama\u00e7larla kullanabiliriz:<\/p>\n<p><strong>\ud83d\udccb Kullan\u0131m Ama\u00e7lar\u0131:<\/strong><\/p>\n<ul>\n<li>(i) Kullan\u0131m \u015eartlar\u0131m\u0131z\u0131 uygulamak<\/li>\n<li>(ii) M\u00fc\u015fteri hizmetleri sa\u011flamak<\/li>\n<li>(iii) Teknik zorluklarda yard\u0131m etmek<\/li>\n<li>(iv) Anla\u015fmazl\u0131klar\u0131 \u00e7\u00f6zmek<\/li>\n<li>(v) G\u00fcvenli ticareti te\u015fvik etmek<\/li>\n<li>(vi) Kullan\u0131c\u0131 deneyimini \u00f6zelle\u015ftirmek<\/li>\n<li>(vii) Pazarlama ve promosyon teklifleri iletmek<\/li>\n<li>(viii) Bilgi toplad\u0131\u011f\u0131m\u0131zda a\u00e7\u0131klanan di\u011fer i\u015flemler<\/li>\n<li>(ix) Govizyon&#8217;un kullan\u0131c\u0131lar ve web sitesi yarar\u0131na uygun g\u00f6rd\u00fc\u011f\u00fc di\u011fer ama\u00e7lar<\/li>\n<\/ul>\n<hr \/>\n<h2><strong>5. K\u0130\u015e\u0130SEL B\u0130LG\u0130LER\u0130N\u0130Z\u0130 KORUMAK<\/strong><\/h2>\n<p><strong>\ud83d\udd10 G\u00fcvenlik \u00d6nlemleri:<\/strong><\/p>\n<ul>\n<li>Do\u011frudan \u00f6deme i\u015flemi yapm\u0131yoruz<\/li>\n<li>Kredi kart\u0131 bilgilerinizi saklam\u0131yoruz<\/li>\n<li>Kay\u0131t bilgileriniz benzersiz \u015fifre ve kullan\u0131c\u0131 kimli\u011fi ile korunabilir<\/li>\n<li>\u015eifre bilgilerinizi kimseyle payla\u015fmamal\u0131s\u0131n\u0131z<\/li>\n<\/ul>\n<p><strong>\u26a0\ufe0f G\u00fcvenlik Uyar\u0131s\u0131:<\/strong> \u00c7o\u011fu elektronik i\u015flemde oldu\u011fu gibi, hi\u00e7bir y\u00f6ntem %100 g\u00fcvenli de\u011fildir. Sa\u011flad\u0131\u011f\u0131n\u0131z ki\u015fisel bilgileri korumak i\u00e7in ticari olarak kabul edilebilir ara\u00e7lar kullanmaya \u00e7al\u0131\u015fsak da, g\u00fcvenli\u011fini garanti edemeyiz.<\/p>\n<hr \/>\n<h2><strong>6. K\u0130\u015e\u0130SEL B\u0130LG\u0130LERE ER\u0130\u015e\u0130M VE DE\u011e\u0130\u015eT\u0130RME<\/strong><\/h2>\n<p><strong>\ud83d\udcdd Eri\u015fim Haklar\u0131:<\/strong><\/p>\n<ul>\n<li>Sa\u011flad\u0131\u011f\u0131n\u0131z ki\u015fisel bilgilere eri\u015febilir, kald\u0131rabilir, g\u00f6zden ge\u00e7irebilir ve\/veya de\u011fi\u015fiklik yapabilirsiniz<\/li>\n<li>Art\u0131k ihtiya\u00e7 duymad\u0131\u011f\u0131m\u0131zda ki\u015fisel bilgileri sileriz<\/li>\n<li>Yasal olarak izin verilen s\u00fcre boyunca ki\u015fisel bilgileri saklar\u0131z<\/li>\n<\/ul>\n<p><strong>\ud83d\udce7 \u0130leti\u015fim Tercihleri:<\/strong><\/p>\n<ul>\n<li>Belirli e-posta ileti\u015fimlerinden \u00e7\u0131kabilirsiniz<\/li>\n<li>Haber b\u00fcltenlerinden \u00e7\u0131kabilirsiniz<\/li>\n<li>Hesab\u0131n\u0131zla ilgili i\u015flemsel ileti\u015fimlerden \u00e7\u0131kamazs\u0131n\u0131z<\/li>\n<\/ul>\n<hr \/>\n<h2><strong>7. A\u00c7IKLAMALAR<\/strong><\/h2>\n<p><strong>\u2696\ufe0f Yasal Gereklilikler:<\/strong> Nadir durumlarda, yasal veya d\u00fczenleyici gereklilikler nedeniyle ki\u015fisel bilgilerinizi a\u00e7\u0131klamak zorunda kalabiliriz:<\/p>\n<ul>\n<li>Mahkeme kararlar\u0131<\/li>\n<li>Arama emirleri<\/li>\n<li>Yasal s\u00fcre\u00e7 gereklilikleri<\/li>\n<li>A\u00e7\u0131klama talepleri<\/li>\n<\/ul>\n<p><strong>\ud83d\udee1\ufe0f G\u00fcvenlik Ama\u00e7lar\u0131:<\/strong><\/p>\n<ul>\n<li>Potansiyel olarak yasad\u0131\u015f\u0131 eylemleri tespit etmek<\/li>\n<li>Kullan\u0131c\u0131lar\u0131n, m\u00fclk\u00fcn veya kamu g\u00fcvenli\u011finin korunmas\u0131<\/li>\n<li>\u00dc\u00e7\u00fcnc\u00fc taraf haklar\u0131n\u0131n ihlali iddialar\u0131na yan\u0131t vermek<\/li>\n<\/ul>\n<hr \/>\n<h2><strong>8. GOV\u0130ZYON&#8217;DAN B\u0130LG\u0130 KULLANIMI<\/strong><\/h2>\n<p>Govizyon&#8217;dan toplad\u0131\u011f\u0131n\u0131z ki\u015fisel bilgileri yaln\u0131zca belirli bir yay\u0131n hakk\u0131nda ba\u015fka bir kullan\u0131c\u0131yla ileti\u015fim kurmak i\u00e7in kullanabilirsiniz. Spam\/phishing g\u00f6ndermek veya r\u0131zas\u0131 olmayan birinden ki\u015fisel bilgi toplamak i\u00e7in kullanamazs\u0131n\u0131z.<\/p>\n<hr \/>\n<h2><strong>9. VER\u0130 G\u00dcVENL\u0130\u011e\u0130<\/strong><\/h2>\n<p><strong>\ud83d\udd12 G\u00fcvenlik Mekanizmalar\u0131:<\/strong><\/p>\n<ul>\n<li>\u015eifreleme<\/li>\n<li>Parolalar<\/li>\n<li>Fiziksel g\u00fcvenlik<\/li>\n<\/ul>\n<p><strong>\u26a0\ufe0f Risk Bildirimi:<\/strong> \u0130nternet \u00fczerinden hi\u00e7bir veri iletimi tamamen g\u00fcvenli olarak garanti edilemez. Bu nedenle bize iletti\u011finiz bilgilerin g\u00fcvenli\u011fini sa\u011flamaya \u00e7al\u0131\u015fsak da, g\u00fcvenli\u011fini garanti edemeyiz ve bunu kendi riskinizle yapars\u0131n\u0131z.<\/p>\n<hr \/>\n<h2><strong>10. B\u0130LG\u0130LER\u0130N G\u0130ZL\u0130L\u0130\u011e\u0130<\/strong><\/h2>\n<p>Govizyon&#8217;daki herhangi bir \u00f6zelli\u011fi kullanan kullan\u0131c\u0131lar, bu \u00f6zelliklerin kullan\u0131m\u0131n\u0131n, belirli bir \u00f6zelli\u011fi kullan\u0131rken yay\u0131nlad\u0131klar\u0131 ki\u015fisel bilgilerin t\u00fcm Govizyon kullan\u0131c\u0131lar\u0131na yay\u0131nlanmas\u0131na yol a\u00e7abilece\u011fi konusunda Govizyon taraf\u0131ndan tam olarak bilgilendirildi\u011fini kabul ederler.<\/p>\n<p><strong>\ud83d\udce2 \u00d6nemli:<\/strong> Bu \u00f6zelliklerde yay\u0131nlanan bilgilerin gizlili\u011fi kullan\u0131c\u0131lar taraf\u0131ndan feragat edilmi\u015ftir.<\/p>\n<hr \/>\n<h2><strong>11. DE\u011e\u0130\u015e\u0130KL\u0130K B\u0130LD\u0130R\u0130M\u0130<\/strong><\/h2>\n<p>Bu \u015eartlar\u0131 zaman zaman ve kendi takdirimizle de\u011fi\u015ftirme hakk\u0131m\u0131z\u0131 sakl\u0131 tutar\u0131z. Gizlilik Politikas\u0131 veya Web Sitesi dahil olmak \u00fczere bu \u015eartlardaki \u00f6nemli de\u011fi\u015fiklikler hakk\u0131nda size bildirim g\u00f6nderebiliriz.<\/p>\n<p><strong>\ud83d\udcc5 Takip:<\/strong> \u015eartlar\u0131n ba\u015f\u0131ndaki &#8216;son g\u00fcncelleme tarihi&#8217;ni not almal\u0131s\u0131n\u0131z.<\/p>\n<hr \/>\n<h2><strong>12. ANLA\u015eMAZLIKLAR<\/strong><\/h2>\n<p>Gizlili\u011finizle ilgili herhangi bir anla\u015fmazl\u0131k, tazminat ve zararlar\u0131n s\u0131n\u0131rland\u0131r\u0131lmas\u0131yla ilgili h\u00fck\u00fcmler dahil olmak \u00fczere Govizyon&#8217;un \u015eart ve ko\u015fullar\u0131na tabidir.<\/p>\n<hr \/>\n<p><strong>\ud83d\udd10 Bu gizlilik politikas\u0131, ki\u015fisel verilerinizin nas\u0131l topland\u0131\u011f\u0131n\u0131, kullan\u0131ld\u0131\u011f\u0131n\u0131 ve korundu\u011funu a\u00e7\u0131klar. Hizmetlerimizi kullanarak bu politikay\u0131 kabul etmi\u015f olursunuz.<\/strong><\/p>\n","protected":false},"excerpt":{"rendered":"<p>G\u0130ZL\u0130L\u0130K POL\u0130T\u0130KASI 1. TOPLANAN B\u0130LG\u0130 T\u00dcRLER\u0130 Web Sitesini ziyaret etti\u011finizde, \u0130nternet Protokol\u00fc (&#8216;IP&#8217;) adresiniz, i\u015fletim sisteminiz, taray\u0131c\u0131 t\u00fcr\u00fcn\u00fcz ve \u0130nternet<\/p>\n","protected":false},"author":1,"featured_media":0,"parent":0,"menu_order":0,"comment_status":"closed","ping_status":"closed","template":"","meta":{"footnotes":""},"class_list":["post-3285","page","type-page","status-publish","hentry"],"_links":{"self":[{"href":"https:\/\/govizyon.com\/en\/wp-json\/wp\/v2\/pages\/3285","targetHints":{"allow":["GET"]}}],"collection":[{"href":"https:\/\/govizyon.com\/en\/wp-json\/wp\/v2\/pages"}],"about":[{"href":"https:\/\/govizyon.com\/en\/wp-json\/wp\/v2\/types\/page"}],"author":[{"embeddable":true,"href":"https:\/\/govizyon.com\/en\/wp-json\/wp\/v2\/users\/1"}],"replies":[{"embeddable":true,"href":"https:\/\/govizyon.com\/en\/wp-json\/wp\/v2\/comments?post=3285"}],"version-history":[{"count":0,"href":"https:\/\/govizyon.com\/en\/wp-json\/wp\/v2\/pages\/3285\/revisions"}],"wp:attachment":[{"href":"https:\/\/govizyon.com\/en\/wp-json\/wp\/v2\/media?parent=3285"}],"curies":[{"name":"wp","href":"https:\/\/api.w.org\/{rel}","templated":true}]}}