{"id":3284,"date":"2025-09-17T22:01:47","date_gmt":"2025-09-17T22:01:47","guid":{"rendered":"https:\/\/govizyon.com\/terms-conditions\/"},"modified":"2025-09-17T22:06:50","modified_gmt":"2025-09-17T22:06:50","slug":"terms-conditions","status":"publish","type":"page","link":"https:\/\/govizyon.com\/en\/terms-conditions\/","title":{"rendered":"\u015eartlar ve Ko\u015fullar"},"content":{"rendered":"<h3 style=\"text-align: center;\">\u015eartlar ve Ko\u015fullar<\/h3>\n<p><strong>BU KULLANIM \u015eARTLARINI D\u0130KKATL\u0130CE OKUYUNUZ. BU WEB S\u0130TES\u0130N\u0130 KULLANARAK BU \u015eARTLARI ANLADI\u011eINIZI VE KABUL ETT\u0130\u011e\u0130N\u0130Z\u0130 BEL\u0130RTM\u0130\u015e OLURSUNUZ. BU \u015eARTLARI KABUL ETM\u0130YORSANIZ BU WEB S\u0130TES\u0130N\u0130 KULLANMAYINIZ.<\/strong><\/p>\n<hr \/>\n<h2><strong>1. KABUL<\/strong><\/h2>\n<p><strong>a.<\/strong> Govizyon, resmi web sitesinde (bundan b\u00f6yle &#8216;Web Sitesi&#8217; olarak an\u0131lacakt\u0131r) bu Kullan\u0131m \u015eartlar\u0131 (&#8216;\u015eartlar&#8217;) kapsam\u0131nda Govizyon hakk\u0131nda genel bilgiler, mal ve hizmetler dahil olmak \u00fczere \u00e7evrimi\u00e7i kaynaklar koleksiyonu (toplu olarak &#8216;Hizmet&#8217; olarak an\u0131l\u0131r) sa\u011flamaktad\u0131r. Bu \u015eartlar kapsam\u0131nda ve ba\u011flam\u0131n gerektirdi\u011fi her yerde, &#8216;Siz&#8217; veya &#8216;siz&#8217; terimleri Web Sitelerini veya Hizmetleri herhangi bir \u015fekilde kullanan, Web Sitelerine ve i\u00e7eri\u011fine g\u00f6z atan, yorum veya herhangi bir i\u00e7erik yay\u0131nlayan veya Web Sitelerindeki herhangi bir Toptan Perakende veya i\u00e7eri\u011fe yan\u0131t veren ki\u015fileri ifade eder. Hizmeti kullanarak, bu \u015eartlara uymay\u0131 kabul edersiniz. Ayr\u0131ca, Hizmetin bir b\u00f6l\u00fcm\u00fcn\u00fc kullan\u0131rken, zaman zaman de\u011fi\u015febilecek olan s\u00f6z konusu Hizmet i\u00e7in ge\u00e7erli yay\u0131nlanm\u0131\u015f y\u00f6nergelere uymay\u0131 kabul edersiniz.<\/p>\n<p><strong>b.<\/strong> Bu \u015eartlar\u0131 zaman zaman g\u00f6zden ge\u00e7irmekten yaln\u0131zca sizin sorumlu oldu\u011funuzu anl\u0131yor ve kabul ediyorsunuz. Bu \u015eartlar\u0131n herhangi bir h\u00fckm\u00fcne veya ko\u015fuluna, herhangi bir y\u00f6nergeye veya bunlara yap\u0131lan sonraki de\u011fi\u015fikliklere itiraz etmeniz veya Govizyon&#8217;dan herhangi bir \u015fekilde memnun kalmaman\u0131z durumunda, tek se\u00e7ene\u011finiz web sitesini kullanmay\u0131 derhal b\u0131rakmakt\u0131r. Bu \u015eartlar Govizyon taraf\u0131ndan herhangi bir zamanda kendi takdirinde g\u00fcncellenebilir.<\/p>\n<hr \/>\n<h2><strong>2. H\u0130ZMET A\u00c7IKLAMASI VE \u0130\u00c7ER\u0130K POL\u0130T\u0130KASI<\/strong><\/h2>\n<p><strong>a.<\/strong> Bu \u015eartlara uyan kullan\u0131c\u0131lar\u0131m\u0131z\u0131n Web Sitesi&#8217;ni kullanarak bilgi, mal ve\/veya hizmet sunmas\u0131na, sa\u011flamas\u0131na ve almas\u0131na olanak tan\u0131mak i\u00e7in E-Ticaret Platformu olarak hareket ediyoruz. PayPal, internet bankac\u0131l\u0131\u011f\u0131, kredi\/banka kartlar\u0131 ve di\u011fer y\u00f6ntemler gibi \u00fc\u00e7\u00fcnc\u00fc taraf sat\u0131c\u0131lar\u0131 kullanarak Web Sitesi \u00fczerinden \u00f6deme ve di\u011fer i\u015flemleri ger\u00e7ekle\u015ftirebilmenize ra\u011fmen, Govizyon bu t\u00fcr i\u015flemlerde hi\u00e7bir \u015fekilde yer almamaktad\u0131r.<\/p>\n<p><strong>b.<\/strong> Govizyon&#8217;un reklamlar\u0131, dizin bilgilerini, i\u015fletme listelerini\/bilgilerini, kullan\u0131c\u0131lar aras\u0131ndaki mesajlar\u0131 kontrol etmedi\u011fini ve bunlardan sorumlu olmad\u0131\u011f\u0131n\u0131 anl\u0131yorsunuz.<\/p>\n<hr \/>\n<h2><strong>3. DAVRANI\u015eLAR<\/strong><\/h2>\n<p><strong>a.<\/strong> Sitede a\u015fa\u011f\u0131daki bilgileri yay\u0131nlamamay\u0131, e-postayla g\u00f6ndermemeyi, bar\u0131nd\u0131rmamay\u0131, g\u00f6r\u00fcnt\u00fclememeyi, y\u00fcklememeyi, de\u011fi\u015ftirmemeyi, yay\u0131nlamamay\u0131, iletmemeyi, g\u00fcncellememey\u0131 veya payla\u015fmamay\u0131 kabul edersiniz:<\/p>\n<p>i. Herhangi bir yasay\u0131 ihlal eden; ii. Telif hakk\u0131 veya patent korumas\u0131 alt\u0131nda olan, ticari s\u0131r veya marka ile korunan; iii. Zararl\u0131, k\u00f6t\u00fcye kullan\u0131lan, yasad\u0131\u015f\u0131, tehdit edici, taciz edici, k\u00fcf\u00fcrl\u00fc, iftira niteli\u011finde, m\u00fcstehcen; iv. Ki\u015fisel veya tan\u0131mlay\u0131c\u0131 bilgileri i\u00e7eren; v. Yan\u0131lt\u0131c\u0131, aldat\u0131c\u0131 veya yanl\u0131\u015f bilgiler i\u00e7eren;<\/p>\n<hr \/>\n<h2><strong>4. H\u0130ZMETE ER\u0130\u015e\u0130M<\/strong><\/h2>\n<p><strong>a.<\/strong> Govizyon size ki\u015fisel kullan\u0131m i\u00e7in Hizmete eri\u015fim ve kullan\u0131m konusunda s\u0131n\u0131rl\u0131, geri al\u0131nabilir, m\u00fcnhas\u0131r olmayan bir lisans verir.<\/p>\n<hr \/>\n<h2><strong>5. \u00dcCRETL\u0130 YAYINLAR<\/strong><\/h2>\n<p>Govizyon, Hizmetin baz\u0131 alanlar\u0131nda \u0130\u00e7erik yay\u0131nlamak i\u00e7in \u00fccret talep edebilir. \u00dccret, belirli \u0130\u00e7eri\u011fin Web Sitesinin belirlenmi\u015f bir alan\u0131nda yay\u0131nlanmas\u0131na izin verir.<\/p>\n<hr \/>\n<h2><strong>6. YAYIN ACENTELERI<\/strong><\/h2>\n<p>&#8220;Yay\u0131n Acentesi&#8221; terimi, ba\u015fkalar\u0131 ad\u0131na Hizmete \u0130\u00e7erik yay\u0131nlamay\u0131 teklif eden \u00fc\u00e7\u00fcnc\u00fc taraf acente, hizmet veya arac\u0131y\u0131 ifade eder. Govizyon, a\u00e7\u0131k yaz\u0131l\u0131 izni olmaks\u0131z\u0131n Yay\u0131n Acentelerinin kullan\u0131m\u0131n\u0131 yasaklar.<\/p>\n<hr \/>\n<h2><strong>7. KULLANICI G\u00d6NDER\u0130LER\u0130<\/strong><\/h2>\n<p>Web Sitesini kullan\u0131rken \u00e7e\u015fitli kaynaklardan \u0130\u00e7eri\u011fe maruz kalaca\u011f\u0131n\u0131z\u0131 ve Govizyon&#8217;un bu \u0130\u00e7eri\u011fin do\u011frulu\u011fu, yararl\u0131l\u0131\u011f\u0131, g\u00fcvenli\u011fi veya fikri m\u00fclkiyet haklar\u0131ndan sorumlu olmad\u0131\u011f\u0131n\u0131 anl\u0131yorsunuz.<\/p>\n<hr \/>\n<h2><strong>8. \u0130HLAL \u0130DD\u0130ALARININ B\u0130LD\u0130R\u0130M\u0130<\/strong><\/h2>\n<p><strong>a.<\/strong> Govizyon, son kullan\u0131c\u0131lar veya di\u011fer \u00fc\u00e7\u00fcnc\u00fc taraflar taraf\u0131ndan sitede yay\u0131nlanan veya site \u00fczerinden iletilen materyallerden kaynaklanan telif hakk\u0131, marka, ticari s\u0131r ihlali sorumlulu\u011fu ta\u015f\u0131maz.<\/p>\n<hr \/>\n<h2><strong>9. F\u0130KR\u0130 M\u00dcLK\u0130YET HAKLARI<\/strong><\/h2>\n<p><strong>a.<\/strong> Web Sitesindeki materyallerin, bu \u015eartlar kapsam\u0131nda lisanslad\u0131\u011f\u0131n\u0131z kullan\u0131c\u0131 \u0130\u00e7eri\u011fi d\u0131\u015f\u0131nda, Govizyon&#8217;a ait oldu\u011funu veya Govizyon taraf\u0131ndan lisansland\u0131\u011f\u0131n\u0131 kabul edersiniz.<\/p>\n<hr \/>\n<h2><strong>10. TAZM\u0130NAT<\/strong><\/h2>\n<p>Govizyon&#8217;u, memurlar\u0131n\u0131, yan kurulu\u015flar\u0131n\u0131, halefleri, direkt\u00f6rlerini, acentelerini, hizmet sa\u011flay\u0131c\u0131lar\u0131n\u0131 ve \u00e7al\u0131\u015fanlar\u0131n\u0131 a\u015fa\u011f\u0131dakilerden kaynaklanan t\u00fcm iddia, zarar ve giderlerden korumay\u0131 kabul edersiniz:<\/p>\n<p>i. Web Sitesi ve\/veya Hizmeti kullan\u0131m\u0131n\u0131z; ii. Bu \u015eartlar\u0131n herhangi bir h\u00fckm\u00fcn\u00fc ihlal etmeniz; iii. \u00dc\u00e7\u00fcnc\u00fc taraf haklar\u0131n\u0131 ihlal etmeniz;<\/p>\n<hr \/>\n<h2><strong>11. SPAM KAR\u015eITI POL\u0130T\u0130KA<\/strong><\/h2>\n<p>Govizyon e-posta adreslerine veya Govizyon bilgisayar sistemleri arac\u0131l\u0131\u011f\u0131yla istenmeyen e-posta reklamlar\u0131 g\u00f6ndermenin bu \u015eartlar taraf\u0131ndan a\u00e7\u0131k\u00e7a yasakland\u0131\u011f\u0131n\u0131 anl\u0131yor ve kabul ediyorsunuz.<\/p>\n<hr \/>\n<h2><strong>12. KURULU\u015eLAR VE B\u0130REYLERLE \u0130L\u0130\u015eK\u0130LER<\/strong><\/h2>\n<p>Govizyon&#8217;un Web Sitesinde veya Hizmet arac\u0131l\u0131\u011f\u0131yla herhangi bir kurulu\u015f ve\/veya bireylerle etkile\u015fimlerinizden sorumlu olmayaca\u011f\u0131n\u0131 kabul edersiniz.<\/p>\n<hr \/>\n<h2><strong>13. H\u0130ZMET\u0130N SINIRLANDIRILMASI VE SONLANDIRILMASI<\/strong><\/h2>\n<p><strong>a.<\/strong> Govizyon&#8217;un Hizmetin kullan\u0131m\u0131na ili\u015fkin zaman zaman s\u0131n\u0131rlar koyabilece\u011fini kabul edersiniz.<\/p>\n<p><strong>b.<\/strong> Govizyon&#8217;un herhangi bir zamanda Hizmeti de\u011fi\u015ftirme veya durdurma hakk\u0131na sahip oldu\u011funu kabul edersiniz.<\/p>\n<hr \/>\n<h2><strong>14. SORUMLULUK REDD\u0130<\/strong><\/h2>\n<p><strong>a.<\/strong> Web sitesi ve hizmetin kullan\u0131m\u0131n\u0131n tamamen kendi riskinizde oldu\u011funu ve web sitesi ile hizmetin &#8220;oldu\u011fu gibi&#8221; veya &#8220;mevcut oldu\u011fu \u015fekliyle&#8221; sa\u011fland\u0131\u011f\u0131n\u0131 kabul edersiniz.<\/p>\n<hr \/>\n<h2><strong>15. SORUMLULUK SINIRLARI<\/strong><\/h2>\n<p>Hi\u00e7bir durumda Govizyon, memurlar\u0131, direkt\u00f6rleri, \u00e7al\u0131\u015fanlar\u0131 veya acenteleri do\u011frudan, dolayl\u0131, ar\u0131zi, \u00f6zel, sonu\u00e7sal veya \u00f6rnek zararlardan sorumlu olmayacakt\u0131r.<\/p>\n<hr \/>\n<h2><strong>16. UYU\u015eMAZLIK \u00c7\u00d6Z\u00dcM\u00dc<\/strong><\/h2>\n<p>Bu s\u00f6zle\u015fmeden kaynaklanan herhangi bir tart\u0131\u015fma veya iddia durumunda, taraflar \u00f6nce uyu\u015fmazl\u0131\u011f\u0131 <a class=\"\" href=\"http:\/\/www.lawvslaw.com\" target=\"_blank\" rel=\"noopener noreferrer nofollow\">www.lawvslaw.com<\/a> taraf\u0131ndan y\u00f6netilen arabuluculuk ile \u00e7\u00f6zmeye \u00e7al\u0131\u015fabilir.<\/p>\n<hr \/>\n<h2><strong>17. DEV\u0130R<\/strong><\/h2>\n<p>Bu \u015eartlar ve burada verilen haklar sizin taraf\u0131n\u0131zdan devredilemez veya atanamaz, ancak Govizyon taraf\u0131ndan k\u0131s\u0131tlama olmaks\u0131z\u0131n atanabilir.<\/p>\n<hr \/>\n<h2><strong>18. H\u0130ZMET \u015eARTLARINI KABUL ETM\u0130 YETENE\u011e\u0130<\/strong><\/h2>\n<p>Bu Web Sitesi yaln\u0131zca yeti\u015fkinler i\u00e7in tasarlanm\u0131\u015ft\u0131r. 18 ya\u015f\u0131ndan b\u00fcy\u00fck oldu\u011funuzu ve bu \u015eartlarda belirtilen s\u00f6zle\u015fmeye girme konusunda tam yetkili oldu\u011funuzu beyan edersiniz.<\/p>\n<hr \/>\n<h2><strong>19. GENEL B\u0130LG\u0130LER<\/strong><\/h2>\n<p><strong>a.<\/strong> Bu \u015eartlar ve Web Sitesinde yay\u0131nlanan di\u011fer politikalar, sizinle Govizyon aras\u0131ndaki tam ve m\u00fcnhas\u0131r anlay\u0131\u015f\u0131 olu\u015fturur.<\/p>\n<p><strong>b.<\/strong> \u015eartlar ve sizinle Govizyon aras\u0131ndaki ili\u015fki, Hindistan topraklar\u0131nda y\u00fcr\u00fcrl\u00fckte olan yasalarla y\u00f6netilecektir.<\/p>\n<hr \/>\n<h2><strong>20. \u015eARTLARIN \u0130HLAL\u0130 VE TAZM\u0130NAT<\/strong><\/h2>\n<p><strong>a.<\/strong> Fark etti\u011finiz herhangi bir \u015eart ihlalini Web Sitesinin ana sayfas\u0131n\u0131n alt\u0131ndaki ba\u011flant\u0131y\u0131 kullanarak bize bildirin.<\/p>\n<hr \/>\n<h2><strong>21. \u015e\u0130KAYET SORUMLUSU<\/strong><\/h2>\n<p>Web Sitesi veya Hizmetle ilgili herhangi bir \u015fikayetiniz varsa, \u015fikayet sorumlumuza ba\u015fvurabilirsiniz:<\/p>\n<p><strong>Ad:<\/strong> Govizyon E-ticaret Operasyon Ekibi<br \/>\n<strong>Unvan:<\/strong> E-Ticaret Platformu<br \/>\n<strong>E-posta:<\/strong> <a class=\"\" href=\"mailto:info@govizyon.com\" target=\"_blank\" rel=\"noopener noreferrer\">info@govizyon.com<\/a><\/p>\n","protected":false},"excerpt":{"rendered":"<p>\u015eartlar ve Ko\u015fullar BU KULLANIM \u015eARTLARINI D\u0130KKATL\u0130CE OKUYUNUZ. BU WEB S\u0130TES\u0130N\u0130 KULLANARAK BU \u015eARTLARI ANLADI\u011eINIZI VE KABUL ETT\u0130\u011e\u0130N\u0130Z\u0130 BEL\u0130RTM\u0130\u015e OLURSUNUZ.<\/p>\n","protected":false},"author":1,"featured_media":0,"parent":0,"menu_order":0,"comment_status":"closed","ping_status":"closed","template":"","meta":{"footnotes":""},"class_list":["post-3284","page","type-page","status-publish","hentry"],"_links":{"self":[{"href":"https:\/\/govizyon.com\/en\/wp-json\/wp\/v2\/pages\/3284","targetHints":{"allow":["GET"]}}],"collection":[{"href":"https:\/\/govizyon.com\/en\/wp-json\/wp\/v2\/pages"}],"about":[{"href":"https:\/\/govizyon.com\/en\/wp-json\/wp\/v2\/types\/page"}],"author":[{"embeddable":true,"href":"https:\/\/govizyon.com\/en\/wp-json\/wp\/v2\/users\/1"}],"replies":[{"embeddable":true,"href":"https:\/\/govizyon.com\/en\/wp-json\/wp\/v2\/comments?post=3284"}],"version-history":[{"count":0,"href":"https:\/\/govizyon.com\/en\/wp-json\/wp\/v2\/pages\/3284\/revisions"}],"wp:attachment":[{"href":"https:\/\/govizyon.com\/en\/wp-json\/wp\/v2\/media?parent=3284"}],"curies":[{"name":"wp","href":"https:\/\/api.w.org\/{rel}","templated":true}]}}