{"id":27,"date":"2025-01-14T12:02:56","date_gmt":"2025-01-14T12:02:56","guid":{"rendered":"https:\/\/dummy.xtemos.com\/woodmart2\/marketplace2-elementor\/?page_id=27"},"modified":"2025-09-18T20:38:13","modified_gmt":"2025-09-18T20:38:13","slug":"iletisim","status":"publish","type":"page","link":"https:\/\/govizyon.com\/en\/iletisim\/","title":{"rendered":"\u0130leti\u015fim"},"content":{"rendered":"\t\t<div data-elementor-type=\"wp-page\" data-elementor-id=\"27\" class=\"elementor elementor-27\" data-elementor-post-type=\"page\">\n\t\t\t\t<div class=\"wd-negative-gap elementor-element elementor-element-97bdf9e e-flex e-con-boxed e-con e-parent\" data-id=\"97bdf9e\" data-element_type=\"container\" data-e-type=\"container\">\n\t\t\t\t\t<div class=\"e-con-inner\">\n\t\t<div class=\"wd-sticky-container-lg elementor-element elementor-element-cfd58e0 e-con-full wd-col-offcanvas-md-sm wd-col-offcanvas-sm e-flex wd-alignment-left e-con e-child\" data-id=\"cfd58e0\" data-element_type=\"container\" data-e-type=\"container\">\n\t\t\t\t<div class=\"elementor-element elementor-element-d0361d1 elementor-widget elementor-widget-wd_mega_menu\" data-id=\"d0361d1\" data-element_type=\"widget\" data-e-type=\"widget\" data-widget_type=\"wd_mega_menu.default\">\n\t\t\t\t<div class=\"elementor-widget-container\">\n\t\t\t\t\t\t\t<div class=\"wd-menu widget_nav_mega_menu\">\n\t\t\t\t\t\t<ul id=\"menu-sidebar-menu-marketplace-2\" class=\"menu wd-nav wd-nav-vertical wd-design-simple wd-gap-l\"><li id=\"menu-item-3213\" class=\"menu-item menu-item-type-post_type menu-item-object-page menu-item-3213 item-level-0 menu-simple-dropdown wd-event-hover\" ><a href=\"https:\/\/govizyon.com\/en\/siparis-takip\/\" class=\"woodmart-nav-link\"><span class=\"nav-link-text\">Sipari\u015f Takip<\/span><\/a><\/li>\n<li id=\"menu-item-3212\" class=\"menu-item menu-item-type-post_type menu-item-object-page menu-item-3212 item-level-0 menu-simple-dropdown wd-event-hover\" ><a href=\"https:\/\/govizyon.com\/en\/hakkimizda\/\" class=\"woodmart-nav-link\"><span class=\"nav-link-text\">Hakk\u0131m\u0131zda<\/span><\/a><\/li>\n<li id=\"menu-item-3215\" class=\"menu-item menu-item-type-post_type menu-item-object-page menu-item-3215 item-level-0 menu-simple-dropdown wd-event-hover\" ><a href=\"https:\/\/govizyon.com\/en\/sikca-sorulan-sorular\/\" class=\"woodmart-nav-link\"><span class=\"nav-link-text\">S\u0131k\u00e7a Sorulan Sorular<\/span><\/a><\/li>\n<li id=\"menu-item-3216\" class=\"menu-item menu-item-type-post_type menu-item-object-page menu-item-3216 item-level-0 menu-simple-dropdown wd-event-hover\" ><a href=\"https:\/\/govizyon.com\/en\/partner-ortaklar\/\" class=\"woodmart-nav-link\"><span class=\"nav-link-text\">Partner Ortaklar<\/span><\/a><\/li>\n<li id=\"menu-item-3217\" class=\"menu-item menu-item-type-post_type menu-item-object-page menu-item-3217 item-level-0 menu-simple-dropdown wd-event-hover\" ><a href=\"https:\/\/govizyon.com\/en\/govizyon-da-satis-yap\/\" class=\"woodmart-nav-link\"><span class=\"nav-link-text\">Govizyon&#8217;da Sat\u0131\u015f Yap<\/span><\/a><\/li>\n<li id=\"menu-item-3214\" class=\"menu-item menu-item-type-post_type menu-item-object-page menu-item-3214 item-level-0 menu-simple-dropdown wd-event-hover\" ><a href=\"https:\/\/govizyon.com\/en\/iletisim\/\" class=\"woodmart-nav-link\"><span class=\"nav-link-text\">\u0130leti\u015fim<\/span><\/a><\/li>\n<\/ul>\t\t<\/div>\n\t\t\t\t\t\t<\/div>\n\t\t\t\t<\/div>\n\t\t\t\t<\/div>\n\t\t<div class=\"elementor-element elementor-element-c65d71b e-con-full wd-col-content-md-sm wd-col-content-sm e-flex e-con e-child\" data-id=\"c65d71b\" data-element_type=\"container\" data-e-type=\"container\">\n\t\t<div class=\"elementor-element elementor-element-a14f7aa e-con-full e-flex e-con e-child\" data-id=\"a14f7aa\" data-element_type=\"container\" data-e-type=\"container\">\n\t\t\t\t<div class=\"elementor-element elementor-element-c30bcdb wd-width-100 elementor-widget elementor-widget-wd_title\" data-id=\"c30bcdb\" data-element_type=\"widget\" data-e-type=\"widget\" data-widget_type=\"wd_title.default\">\n\t\t\t\t<div class=\"elementor-widget-container\">\n\t\t\t\t\t\t\t<div class=\"title-wrapper wd-set-mb reset-last-child wd-title-color-default wd-title-style-default wd-title-size-default text-left\">\n\n\t\t\t\n\t\t\t<div class=\"liner-continer\">\n\t\t\t\t<h4 class=\"woodmart-title-container title wd-fontsize-l\">Nas\u0131l yard\u0131mc\u0131 olabiliriz? Formu doldurarak bizimle ileti\u015fime ge\u00e7in. <br \/>\nEn k\u0131sa s\u00fcrede size geri d\u00f6n\u00fc\u015f yapaca\u011f\u0131z.<\/h4> \n\t\t\t\t\t\t\t<\/div>\n\n\t\t\t\t\t<\/div>\n\t\t\t\t\t\t<\/div>\n\t\t\t\t<\/div>\n\t\t\t\t<div class=\"elementor-element elementor-element-271f4ca elementor-widget elementor-widget-wpforms\" data-id=\"271f4ca\" data-element_type=\"widget\" data-e-type=\"widget\" data-widget_type=\"wpforms.default\">\n\t\t\t\t<div class=\"elementor-widget-container\">\n\t\t\t\t\t<div class=\"wpforms-container \" id=\"wpforms-3280\"><form id=\"wpforms-form-3280\" class=\"wpforms-validate wpforms-form wpforms-ajax-form\" data-formid=\"3280\" method=\"post\" enctype=\"multipart\/form-data\" action=\"\/en\/wp-json\/wp\/v2\/pages\/27\" data-token=\"202c0a34fd7cfc85787b3ca83ea526fe\" data-token-time=\"1777579919\"><noscript class=\"wpforms-error-noscript\">Please enable JavaScript in your browser to complete this form.<\/noscript><div class=\"wpforms-field-container\"><div id=\"wpforms-3280-field_1-container\" class=\"wpforms-field wpforms-field-name\" data-field-id=\"1\"><label class=\"wpforms-field-label\">Ad\u0131 Soyad\u0131 <span class=\"wpforms-required-label\">*<\/span><\/label><div class=\"wpforms-field-row wpforms-field-medium\"><div class=\"wpforms-field-row-block wpforms-first wpforms-one-half\"><input type=\"text\" id=\"wpforms-3280-field_1\" class=\"wpforms-field-name-first wpforms-field-required\" name=\"wpforms[fields][1][first]\" required><label for=\"wpforms-3280-field_1\" class=\"wpforms-field-sublabel after\">First<\/label><\/div><div class=\"wpforms-field-row-block wpforms-one-half\"><input type=\"text\" id=\"wpforms-3280-field_1-last\" class=\"wpforms-field-name-last wpforms-field-required\" name=\"wpforms[fields][1][last]\" required><label for=\"wpforms-3280-field_1-last\" class=\"wpforms-field-sublabel after\">Last<\/label><\/div><\/div><\/div><div id=\"wpforms-3280-field_2-container\" class=\"wpforms-field wpforms-field-email\" data-field-id=\"2\"><label class=\"wpforms-field-label\" for=\"wpforms-3280-field_2\">E-posta <span class=\"wpforms-required-label\">*<\/span><\/label><input type=\"email\" id=\"wpforms-3280-field_2\" class=\"wpforms-field-medium wpforms-field-required\" name=\"wpforms[fields][2]\" spellcheck=\"false\" required><\/div><div id=\"wpforms-3280-field_3-container\" class=\"wpforms-field wpforms-field-textarea\" data-field-id=\"3\"><label class=\"wpforms-field-label\" for=\"wpforms-3280-field_3\">Yorum veya Mesaj<\/label><textarea id=\"wpforms-3280-field_3\" class=\"wpforms-field-medium\" name=\"wpforms[fields][3]\" ><\/textarea><\/div><\/div><!-- .wpforms-field-container --><div class=\"wpforms-submit-container\" ><input type=\"hidden\" name=\"wpforms[id]\" value=\"3280\"><input type=\"hidden\" name=\"page_title\" value=\"\"><input type=\"hidden\" name=\"page_url\" value=\"https:\/\/govizyon.com\/en\/wp-json\/wp\/v2\/pages\/27\"><input type=\"hidden\" name=\"url_referer\" value=\"\"><button type=\"submit\" name=\"wpforms[submit]\" id=\"wpforms-submit-3280\" class=\"wpforms-submit\" data-alt-text=\"G\u00f6nderiliyor...\" data-submit-text=\"G\u00f6nder\" aria-live=\"assertive\" value=\"wpforms-submit\">G\u00f6nder<\/button><img decoding=\"async\" src=\"https:\/\/govizyon.com\/wp-content\/plugins\/wpforms\/assets\/images\/submit-spin.svg\" class=\"wpforms-submit-spinner\" style=\"display: none;\" width=\"26\" height=\"26\" alt=\"Loading\"><\/div><\/form><\/div>  <!-- .wpforms-container -->\t\t\t\t<\/div>\n\t\t\t\t<\/div>\n\t\t\t\t<\/div>\n\t\t\t\t<\/div>\n\t\t\t\t\t<\/div>\n\t\t\t\t<\/div>\n\t\t\t\t<\/div>\n\t\t","protected":false},"excerpt":{"rendered":"<p>Sipari\u015f Takip Hakk\u0131m\u0131zda S\u0131k\u00e7a Sorulan Sorular Partner Ortaklar Govizyon&#8217;da Sat\u0131\u015f Yap \u0130leti\u015fim Nas\u0131l yard\u0131mc\u0131 olabiliriz? Formu doldurarak bizimle ileti\u015fime ge\u00e7in.<\/p>\n","protected":false},"author":1,"featured_media":0,"parent":0,"menu_order":0,"comment_status":"closed","ping_status":"closed","template":"","meta":{"footnotes":""},"class_list":["post-27","page","type-page","status-publish","hentry"],"_links":{"self":[{"href":"https:\/\/govizyon.com\/en\/wp-json\/wp\/v2\/pages\/27","targetHints":{"allow":["GET"]}}],"collection":[{"href":"https:\/\/govizyon.com\/en\/wp-json\/wp\/v2\/pages"}],"about":[{"href":"https:\/\/govizyon.com\/en\/wp-json\/wp\/v2\/types\/page"}],"author":[{"embeddable":true,"href":"https:\/\/govizyon.com\/en\/wp-json\/wp\/v2\/users\/1"}],"replies":[{"embeddable":true,"href":"https:\/\/govizyon.com\/en\/wp-json\/wp\/v2\/comments?post=27"}],"version-history":[{"count":0,"href":"https:\/\/govizyon.com\/en\/wp-json\/wp\/v2\/pages\/27\/revisions"}],"wp:attachment":[{"href":"https:\/\/govizyon.com\/en\/wp-json\/wp\/v2\/media?parent=27"}],"curies":[{"name":"wp","href":"https:\/\/api.w.org\/{rel}","templated":true}]}}